{"id":577,"date":"2021-07-15T22:57:50","date_gmt":"2021-07-16T03:57:50","guid":{"rendered":"http:\/\/distribuidoraaxkankuali.com\/?page_id=577"},"modified":"2024-03-27T13:01:38","modified_gmt":"2024-03-27T19:01:38","slug":"contactanos","status":"publish","type":"page","link":"https:\/\/distribuidoraaxkankuali.com\/index.php\/contactanos\/","title":{"rendered":"Contactanos"},"content":{"rendered":"<div data-colibri-id=\"577-c1\" class=\"style-273 style-local-577-c1 position-relative\">\n  <!---->\n  <div data-colibri-component=\"section\" data-colibri-id=\"577-c2\" id=\"initial-content\" class=\"h-section h-section-global-spacing d-flex align-items-lg-center align-items-md-center align-items-center style-274 style-local-577-c2 position-relative\">\n    <!---->\n    <!---->\n    <div class=\"h-section-grid-container h-section-boxed-container\">\n      <!---->\n      <div data-colibri-id=\"577-c3\" class=\"h-row-container gutters-row-lg-2 gutters-row-md-2 gutters-row-0 gutters-row-v-lg-2 gutters-row-v-md-2 gutters-row-v-2 style-303 style-local-577-c3 position-relative\">\n        <!---->\n        <div class=\"h-row justify-content-lg-center justify-content-md-center justify-content-center align-items-lg-stretch align-items-md-stretch align-items-stretch gutters-col-lg-2 gutters-col-md-2 gutters-col-0 gutters-col-v-lg-2 gutters-col-v-md-2 gutters-col-v-2\">\n          <!---->\n          <div class=\"h-column h-column-container d-flex h-col-lg-auto h-col-md-auto h-col-auto style-304-outer style-local-577-c4-outer\">\n            <div data-colibri-id=\"577-c4\" class=\"d-flex h-flex-basis h-column__inner h-px-lg-2 h-px-md-2 h-px-2 v-inner-lg-2 v-inner-md-2 v-inner-2 style-304 style-local-577-c4 position-relative\">\n              <!---->\n              <!---->\n              <div class=\"w-100 h-y-container h-column__content h-column__v-align flex-basis-100 align-self-lg-start align-self-md-start align-self-start\">\n                <!---->\n                <div data-colibri-id=\"577-c5\" class=\"h-text h-text-component style-305 style-local-577-c5 position-relative h-element\">\n                  <!---->\n                  <!---->\n                  <div class=\"\">\n                    <p>Hablemos! No dudes en ponerte en contacto con nosotros, env\u00edanos un mensaje mediante el formulario que esta a continuaci\u00f3n o mediante la informaci\u00f3n de contacto de preferencia:<\/p>\n                  <\/div>\n                <\/div>\n              <\/div>\n            <\/div>\n          <\/div>\n        <\/div>\n      <\/div>\n    <\/div>\n  <\/div>\n  <div data-colibri-component=\"section\" data-colibri-id=\"577-c6\" id=\"overlappable\" class=\"h-section h-section-global-spacing d-flex align-items-lg-center align-items-md-center align-items-center style-291 style-local-577-c6 position-relative\">\n    <!---->\n    <!---->\n    <div class=\"h-section-grid-container h-section-boxed-container\">\n      <!---->\n      <div data-colibri-id=\"577-c7\" class=\"h-row-container gutters-row-lg-0 gutters-row-md-0 gutters-row-2 gutters-row-v-lg-0 gutters-row-v-md-0 gutters-row-v-2 style-292 style-local-577-c7 position-relative\">\n        <!---->\n        <div class=\"h-row justify-content-lg-center justify-content-md-center justify-content-center align-items-lg-stretch align-items-md-stretch align-items-stretch gutters-col-lg-0 gutters-col-md-0 gutters-col-2 gutters-col-v-lg-0 gutters-col-v-md-0 gutters-col-v-2\">\n          <!---->\n          <div class=\"h-column h-column-container d-flex h-col-lg-6 h-col-md-6 h-col-12 style-293-outer style-local-577-c8-outer\">\n            <div data-colibri-id=\"577-c8\" class=\"d-flex h-flex-basis h-column__inner h-px-lg-3 h-px-md-3 h-px-2 v-inner-lg-3 v-inner-md-3 v-inner-2 style-293 style-local-577-c8 position-relative\">\n              <!---->\n              <!---->\n              <div class=\"w-100 h-y-container h-column__content h-column__v-align flex-basis-100 align-self-lg-center align-self-md-center align-self-center\">\n                <!---->\n                <div data-colibri-id=\"577-c9\" class=\"h-icon style-294 style-local-577-c9 position-relative h-element\">\n                  <!----><span class=\"h-svg-icon h-icon__icon style-294-icon style-local-577-c9-icon\"><!--Icon by Font Awesome (https:\/\/fontawesome.com)-->\n    <svg version=\"1.1\" xmlns=\"http:\/\/www.w3.org\/2000\/svg\" xmlns:xlink=\"http:\/\/www.w3.org\/1999\/xlink\" id=\"phone-square\" viewBox=\"0 0 1536 1896.0833\">\n      <path d=\"M1280 1193q0-11-2-16t-18-16.5-40.5-25-47.5-26.5-45.5-25-28.5-15q-5-3-19-13t-25-15-21-5q-15 0-36.5 20.5t-39.5 45-38.5 45T885 1167q-7 0-16.5-3.5T853 1157t-17-9.5-14-8.5q-99-55-170-126.5T525 842q-2-3-8.5-14t-9.5-17-6.5-15.5T497 779q0-13 20.5-33.5t45-38.5 45-39.5T628 631q0-10-5-21t-15-25-13-19q-3-6-15-28.5T555 492t-26.5-47.5-25-40.5-16.5-18-16-2q-48 0-101 22-46 21-80 94.5T256 631q0 16 2.5 34t5 30.5 9 33 10 29.5 12.5 33 11 30q60 164 216.5 320.5T843 1358q6 2 30 11t33 12.5 29.5 10 33 9 30.5 5 34 2.5q57 0 130.5-34t94.5-80q22-53 22-101zm256-777v960q0 119-84.5 203.5T1248 1664H288q-119 0-203.5-84.5T0 1376V416q0-119 84.5-203.5T288 128h960q119 0 203.5 84.5T1536 416z\"><\/path>\n    <\/svg><\/span><\/div>\n                <div data-colibri-id=\"577-c10\" class=\"h-global-transition-all h-heading style-295 style-local-577-c10 position-relative h-element\">\n                  <!---->\n                  <div class=\"h-heading__outer style-295 style-local-577-c10\">\n                    <!---->\n                    <!---->\n                    <h5 class=\"\">llamanos:<\/h5>\n                  <\/div>\n                <\/div>\n                <div data-colibri-id=\"577-c11\" class=\"h-text h-text-component style-296 style-local-577-c11 position-relative h-element\">\n                  <!---->\n                  <!---->\n                  <div class=\"\">\n                    <p>Domicilio Fiscal (55) 3021-7566<\/p>\n                    <p>Celular (55) 6732-6798<\/p>\n                    <p>Sala de Exhibici\u00f3n (55) 9256-9070&nbsp;<\/p>\n                  <\/div>\n                <\/div>\n              <\/div>\n            <\/div>\n          <\/div>\n          <div class=\"h-column h-column-container d-flex h-col-lg-6 h-col-md-6 h-col-12 style-293-outer style-local-577-c12-outer\">\n            <div data-colibri-id=\"577-c12\" class=\"d-flex h-flex-basis h-column__inner h-px-lg-3 h-px-md-3 h-px-2 v-inner-lg-3 v-inner-md-3 v-inner-2 style-293 style-local-577-c12 position-relative\">\n              <!---->\n              <!---->\n              <div class=\"w-100 h-y-container h-column__content h-column__v-align flex-basis-100 align-self-lg-center align-self-md-center align-self-center\">\n                <!---->\n                <div data-colibri-id=\"577-c13\" class=\"h-icon style-294 style-local-577-c13 position-relative h-element\">\n                  <!----><span class=\"h-svg-icon h-icon__icon style-294-icon style-local-577-c13-icon\"><!--Icon by Font Awesome (https:\/\/fontawesome.com)-->\n    <svg version=\"1.1\" xmlns=\"http:\/\/www.w3.org\/2000\/svg\" xmlns:xlink=\"http:\/\/www.w3.org\/1999\/xlink\" id=\"envelope-o\" viewBox=\"0 0 1792 1896.0833\">\n      <path d=\"M1664 1504V736q-32 36-69 66-268 206-426 338-51 43-83 67t-86.5 48.5T897 1280h-2q-48 0-102.5-24.5T706 1207t-83-67q-158-132-426-338-37-30-69-66v768q0 13 9.5 22.5t22.5 9.5h1472q13 0 22.5-9.5t9.5-22.5zm0-1051v-24.5l-.5-13-3-12.5-5.5-9-9-7.5-14-2.5H160q-13 0-22.5 9.5T128 416q0 168 147 284 193 152 401 317 6 5 35 29.5t46 37.5 44.5 31.5T852 1143t43 9h2q20 0 43-9t50.5-27.5 44.5-31.5 46-37.5 35-29.5q208-165 401-317 54-43 100.5-115.5T1664 453zm128-37v1088q0 66-47 113t-113 47H160q-66 0-113-47T0 1504V416q0-66 47-113t113-47h1472q66 0 113 47t47 113z\"><\/path>\n    <\/svg><\/span><\/div>\n                <div data-colibri-id=\"577-c14\" class=\"h-global-transition-all h-heading style-295 style-local-577-c14 position-relative h-element\">\n                  <!---->\n                  <div class=\"h-heading__outer style-295 style-local-577-c14\">\n                    <!---->\n                    <!---->\n                    <h5 class=\"\">mandanos un correo:<\/h5>\n                  <\/div>\n                <\/div>\n                <div data-colibri-id=\"577-c15\" class=\"h-text h-text-component style-1068 style-local-577-c15 position-relative h-element\">\n                  <!---->\n                  <!---->\n                  <div class=\"\">\n                    <p>ventaspublico@distribuidoraaxkankuali.com<\/p>\n                    <p>ventasgobierno@distribuidoraaxkankuali.com<\/p>\n                  <\/div>\n                <\/div>\n              <\/div>\n            <\/div>\n          <\/div>\n        <\/div>\n      <\/div>\n    <\/div>\n  <\/div>\n  <div data-colibri-component=\"section\" data-colibri-id=\"577-c16\" id=\"custom\" class=\"h-section h-section-global-spacing d-flex align-items-lg-center align-items-md-center align-items-center style-611 style-local-577-c16 position-relative\">\n    <!---->\n    <!---->\n    <div class=\"h-section-grid-container h-section-fluid-container\">\n      <!---->\n      <div data-colibri-id=\"577-c17\" class=\"h-row-container gutters-row-lg-0 gutters-row-md-0 gutters-row-0 gutters-row-v-lg-0 gutters-row-v-md-0 gutters-row-v-0 style-614 style-local-577-c17 position-relative\">\n        <!---->\n        <div class=\"h-row justify-content-lg-center justify-content-md-center justify-content-center align-items-lg-stretch align-items-md-stretch align-items-stretch gutters-col-lg-0 gutters-col-md-0 gutters-col-0 gutters-col-v-lg-0 gutters-col-v-md-0 gutters-col-v-0\">\n          <!---->\n          <div class=\"h-column h-column-container d-flex h-col-lg-12 h-col-md-12 h-col-12 style-615-outer style-local-577-c18-outer\">\n            <div data-colibri-id=\"577-c18\" class=\"d-flex h-flex-basis h-column__inner h-px-lg-2 h-px-md-2 h-px-2 v-inner-lg-2 v-inner-md-2 v-inner-2 style-615 style-local-577-c18 position-relative\">\n              <!---->\n              <!---->\n              <div class=\"w-100 h-y-container h-column__content h-column__v-align flex-basis-100 align-self-lg-start align-self-md-start align-self-start\">\n                <!---->\n                <div data-colibri-id=\"577-c19\" class=\"h-text h-text-component style-616 style-local-577-c19 position-relative h-element\">\n                  <!---->\n                  <!---->\n                  <div class=\"\">\n                    <p>Nos encontramos en:<\/p>\n                    <p>Sala de Exhibici\u00f3n: Centro Comercial Center Plaza. Local. 191 Mz. 57 C.P. 55210 Ol. Fuentes de Arag\u00f3n Ecatepec de Morelos EDOMEX.<\/p>\n                    <p>Domicilio Fiscal: Valle de Yuriria Mz. 54 Lote 5, Col. Fuentes de Arag\u00f3n, C. P. 55210, Ecatepec de Morelos, EDOMEX.<\/p>\n                  <\/div>\n                <\/div>\n              <\/div>\n            <\/div>\n          <\/div>\n        <\/div>\n      <\/div>\n    <\/div>\n  <\/div>\n<\/div>","protected":false},"excerpt":{"rendered":"<p>Hablemos! No dudes en ponerte en contacto con nosotros, env\u00edanos un mensaje mediante el formulario que esta a continuaci\u00f3n o mediante la informaci\u00f3n de contacto de preferencia: llamanos: Domicilio Fiscal (55) 3021-7566 Celular (55) 6732-6798 Sala de Exhibici\u00f3n (55) 9256-9070&nbsp; mandanos un correo: ventaspublico@distribuidoraaxkankuali.com ventasgobierno@distribuidoraaxkankuali.com Nos encontramos en: Sala de Exhibici\u00f3n: Centro Comercial Center Plaza. [&hellip;]<\/p>\n","protected":false},"author":1,"featured_media":0,"parent":0,"menu_order":0,"comment_status":"closed","ping_status":"closed","template":"page-templates\/full-width-page.php","meta":{"footnotes":""},"class_list":["post-577","page","type-page","status-publish","hentry"],"_links":{"self":[{"href":"https:\/\/distribuidoraaxkankuali.com\/index.php\/wp-json\/wp\/v2\/pages\/577","targetHints":{"allow":["GET"]}}],"collection":[{"href":"https:\/\/distribuidoraaxkankuali.com\/index.php\/wp-json\/wp\/v2\/pages"}],"about":[{"href":"https:\/\/distribuidoraaxkankuali.com\/index.php\/wp-json\/wp\/v2\/types\/page"}],"author":[{"embeddable":true,"href":"https:\/\/distribuidoraaxkankuali.com\/index.php\/wp-json\/wp\/v2\/users\/1"}],"replies":[{"embeddable":true,"href":"https:\/\/distribuidoraaxkankuali.com\/index.php\/wp-json\/wp\/v2\/comments?post=577"}],"version-history":[{"count":0,"href":"https:\/\/distribuidoraaxkankuali.com\/index.php\/wp-json\/wp\/v2\/pages\/577\/revisions"}],"wp:attachment":[{"href":"https:\/\/distribuidoraaxkankuali.com\/index.php\/wp-json\/wp\/v2\/media?parent=577"}],"curies":[{"name":"wp","href":"https:\/\/api.w.org\/{rel}","templated":true}]}}