{"id":252,"date":"2021-07-08T23:23:10","date_gmt":"2021-07-09T04:23:10","guid":{"rendered":"https:\/\/distribuidoraaxkankuali.wordpress.com\/?page_id=252"},"modified":"2022-05-04T11:03:03","modified_gmt":"2022-05-04T16:03:03","slug":"mobiliario-de-madera","status":"publish","type":"page","link":"https:\/\/distribuidoraaxkankuali.com\/index.php\/mobiliario-de-madera\/","title":{"rendered":"Mobiliario de Madera"},"content":{"rendered":"<div data-colibri-id=\"252-c1\" class=\"style-1183 style-local-252-c1 position-relative\">\n  <!---->\n  <div data-colibri-component=\"section\" data-colibri-id=\"252-c2\" id=\"initial-content\" class=\"h-section h-section-global-spacing d-flex align-items-lg-center align-items-md-center align-items-center style-1184 style-local-252-c2 position-relative\">\n    <!---->\n    <!---->\n    <div class=\"h-section-grid-container h-section-boxed-container\">\n      <!---->\n      <div data-colibri-id=\"252-c35\" class=\"h-row-container gutters-row-lg-2 gutters-row-md-2 gutters-row-0 gutters-row-v-lg-2 gutters-row-v-md-2 gutters-row-v-2 style-1217 style-local-252-c35 position-relative\">\n        <!---->\n        <div class=\"h-row justify-content-lg-center justify-content-md-center justify-content-center align-items-lg-stretch align-items-md-stretch align-items-stretch gutters-col-lg-2 gutters-col-md-2 gutters-col-0 gutters-col-v-lg-2 gutters-col-v-md-2 gutters-col-v-2\">\n          <!---->\n          <div class=\"h-column h-column-container d-flex h-col-lg-auto h-col-md-auto h-col-auto style-1218-outer style-local-252-c36-outer\">\n            <div data-colibri-id=\"252-c36\" class=\"d-flex h-flex-basis h-column__inner h-px-lg-2 h-px-md-2 h-px-2 v-inner-lg-2 v-inner-md-2 v-inner-2 style-1218 style-local-252-c36 position-relative\">\n              <!---->\n              <!---->\n              <div class=\"w-100 h-y-container h-column__content h-column__v-align flex-basis-100 align-self-lg-start align-self-md-start align-self-start\">\n                <!---->\n                <div data-colibri-id=\"252-c37\" class=\"h-text h-text-component style-1219 style-local-252-c37 position-relative h-element\">\n                  <!---->\n                  <!---->\n                  <div class=\"\">\n                    <p>MOBILIARIO DE MADERA<\/p>\n                  <\/div>\n                <\/div>\n              <\/div>\n            <\/div>\n          <\/div>\n        <\/div>\n      <\/div>\n      <div data-colibri-id=\"252-c28\" class=\"h-row-container gutters-row-lg-2 gutters-row-md-2 gutters-row-0 gutters-row-v-lg-2 gutters-row-v-md-2 gutters-row-v-2 style-1210 style-local-252-c28 position-relative\">\n        <!---->\n        <div class=\"h-row justify-content-lg-center justify-content-md-center justify-content-center align-items-lg-stretch align-items-md-stretch align-items-stretch gutters-col-lg-2 gutters-col-md-2 gutters-col-0 gutters-col-v-lg-2 gutters-col-v-md-2 gutters-col-v-2\">\n          <!---->\n          <div class=\"h-column h-column-container d-flex h-col-lg-auto h-col-md-auto h-col-auto style-1211-outer style-local-252-c29-outer\">\n            <div data-colibri-id=\"252-c29\" class=\"d-flex h-flex-basis h-column__inner h-px-lg-2 h-px-md-2 h-px-2 v-inner-lg-2 v-inner-md-2 v-inner-2 style-1211 style-local-252-c29 position-relative\">\n              <!---->\n              <!---->\n              <div class=\"w-100 h-y-container h-column__content h-column__v-align flex-basis-100 align-self-lg-start align-self-md-start align-self-start\">\n                <!---->\n                <div data-colibri-id=\"252-c33\" class=\"h-text h-text-component style-1215 style-local-252-c33 position-relative h-element\">\n                  <!---->\n                  <!---->\n                  <div class=\"\">\n                    <p>M\u00f3dulo para Sala<\/p>\n                  <\/div>\n                <\/div>\n                <div data-colibri-id=\"252-c31\" class=\"d-block style-1213 style-local-252-c31 position-relative h-element\">\n                  <!---->\n                  <div class=\"h-image__frame-container-outer\">\n                    <div class=\"h-image__frame-container\">\n                      <!---->\n                      <!---->\n                      <img loading=\"lazy\" decoding=\"async\" width=\"646\" height=\"958\" src=\"https:\/\/distribuidoraaxkankuali.com\/wp-content\/uploads\/2022\/05\/cropped-MODULO-PARA-SALA.jpg\" class=\"wp-image-1762 style-1213-image style-local-252-c31-image\" alt=\"\" srcset=\"https:\/\/distribuidoraaxkankuali.com\/wp-content\/uploads\/2022\/05\/cropped-MODULO-PARA-SALA.jpg 646w, https:\/\/distribuidoraaxkankuali.com\/wp-content\/uploads\/2022\/05\/cropped-MODULO-PARA-SALA-600x890.jpg 600w, https:\/\/distribuidoraaxkankuali.com\/wp-content\/uploads\/2022\/05\/cropped-MODULO-PARA-SALA-202x300.jpg 202w\" sizes=\"auto, (max-width: 646px) 100vw, 646px\" \/>\n                      <div class=\"h-image__frame h-hide-lg h-hide-md h-hide-sm style-1213-frameImage style-local-252-c31-frameImage\"><\/div>\n                    <\/div>\n                  <\/div>\n                <\/div>\n              <\/div>\n            <\/div>\n          <\/div>\n          <div class=\"h-column h-column-container d-flex h-col-lg-auto h-col-md-auto h-col-auto style-1212-outer style-local-252-c30-outer\">\n            <div data-colibri-id=\"252-c30\" class=\"d-flex h-flex-basis h-column__inner h-px-lg-2 h-px-md-2 h-px-2 v-inner-lg-2 v-inner-md-2 v-inner-2 style-1212 style-local-252-c30 position-relative\">\n              <!---->\n              <!---->\n              <div class=\"w-100 h-y-container h-column__content h-column__v-align flex-basis-100 align-self-lg-start align-self-md-start align-self-start\">\n                <!---->\n                <div data-colibri-id=\"252-c34\" class=\"h-text h-text-component style-1216 style-local-252-c34 position-relative h-element\">\n                  <!---->\n                  <!---->\n                  <div class=\"\">\n                    <p>Recepci\u00f3n para Cl\u00ednicas<\/p>\n                  <\/div>\n                <\/div>\n                <div data-colibri-id=\"252-c32\" class=\"d-block style-1214 style-local-252-c32 position-relative h-element\">\n                  <!---->\n                  <div class=\"h-image__frame-container-outer\">\n                    <div class=\"h-image__frame-container\">\n                      <!---->\n                      <!---->\n                      <img loading=\"lazy\" decoding=\"async\" width=\"876\" height=\"725\" src=\"https:\/\/distribuidoraaxkankuali.com\/wp-content\/uploads\/2022\/05\/cropped-RECEPCION-PARA-CLINICAS.jpg\" class=\"wp-image-1765 style-1214-image style-local-252-c32-image\" alt=\"\" srcset=\"https:\/\/distribuidoraaxkankuali.com\/wp-content\/uploads\/2022\/05\/cropped-RECEPCION-PARA-CLINICAS.jpg 876w, https:\/\/distribuidoraaxkankuali.com\/wp-content\/uploads\/2022\/05\/cropped-RECEPCION-PARA-CLINICAS-600x497.jpg 600w, https:\/\/distribuidoraaxkankuali.com\/wp-content\/uploads\/2022\/05\/cropped-RECEPCION-PARA-CLINICAS-300x248.jpg 300w, https:\/\/distribuidoraaxkankuali.com\/wp-content\/uploads\/2022\/05\/cropped-RECEPCION-PARA-CLINICAS-768x636.jpg 768w\" sizes=\"auto, (max-width: 876px) 100vw, 876px\" \/>\n                      <div class=\"h-image__frame h-hide-lg h-hide-md h-hide-sm style-1214-frameImage style-local-252-c32-frameImage\"><\/div>\n                    <\/div>\n                  <\/div>\n                <\/div>\n              <\/div>\n            <\/div>\n          <\/div>\n        <\/div>\n      <\/div>\n      <div data-colibri-id=\"252-c6\" class=\"h-row-container gutters-row-lg-2 gutters-row-md-2 gutters-row-0 gutters-row-v-lg-2 gutters-row-v-md-2 gutters-row-v-2 style-1188 style-local-252-c6 position-relative\">\n        <!---->\n        <div class=\"h-row justify-content-lg-center justify-content-md-center justify-content-center align-items-lg-stretch align-items-md-stretch align-items-stretch gutters-col-lg-2 gutters-col-md-2 gutters-col-0 gutters-col-v-lg-2 gutters-col-v-md-2 gutters-col-v-2\">\n          <!---->\n          <div class=\"h-column h-column-container d-flex h-col-lg-auto h-col-md-auto h-col-auto style-1189-outer style-local-252-c7-outer\">\n            <div data-colibri-id=\"252-c7\" class=\"d-flex h-flex-basis h-column__inner h-px-lg-2 h-px-md-2 h-px-2 v-inner-lg-2 v-inner-md-2 v-inner-2 style-1189 style-local-252-c7 position-relative\">\n              <!---->\n              <!---->\n              <div class=\"w-100 h-y-container h-column__content h-column__v-align flex-basis-100 align-self-lg-start align-self-md-start align-self-start\">\n                <!---->\n                <div data-colibri-id=\"252-c16\" class=\"h-text h-text-component style-1198 style-local-252-c16 position-relative h-element\">\n                  <!---->\n                  <!---->\n                  <div class=\"\">\n                    <p>Archivero-Vertical-4-Gavetas<\/p>\n                  <\/div>\n                <\/div>\n                <div data-colibri-id=\"252-c15\" class=\"d-block style-1197 style-local-252-c15 position-relative h-element\">\n                  <!---->\n                  <div class=\"h-image__frame-container-outer\">\n                    <div class=\"h-image__frame-container\">\n                      <!---->\n                      <!---->\n                      <img loading=\"lazy\" decoding=\"async\" width=\"425\" height=\"364\" src=\"https:\/\/distribuidoraaxkankuali.com\/wp-content\/uploads\/2022\/05\/cropped-archivero-vertical-4-gavetas-arc08-4g.jpg\" class=\"wp-image-1747 style-1197-image style-local-252-c15-image\" alt=\"\" srcset=\"https:\/\/distribuidoraaxkankuali.com\/wp-content\/uploads\/2022\/05\/cropped-archivero-vertical-4-gavetas-arc08-4g.jpg 425w, https:\/\/distribuidoraaxkankuali.com\/wp-content\/uploads\/2022\/05\/cropped-archivero-vertical-4-gavetas-arc08-4g-300x257.jpg 300w\" sizes=\"auto, (max-width: 425px) 100vw, 425px\" \/>\n                      <div class=\"h-image__frame h-hide-lg h-hide-md h-hide-sm style-1197-frameImage style-local-252-c15-frameImage\"><\/div>\n                    <\/div>\n                  <\/div>\n                <\/div>\n              <\/div>\n            <\/div>\n          <\/div>\n          <div class=\"h-column h-column-container d-flex h-col-lg-auto h-col-md-auto h-col-auto style-1190-outer style-local-252-c8-outer\">\n            <div data-colibri-id=\"252-c8\" class=\"d-flex h-flex-basis h-column__inner h-px-lg-2 h-px-md-2 h-px-2 v-inner-lg-2 v-inner-md-2 v-inner-2 style-1190 style-local-252-c8 position-relative\">\n              <!---->\n              <!---->\n              <div class=\"w-100 h-y-container h-column__content h-column__v-align flex-basis-100 align-self-lg-start align-self-md-start align-self-start\">\n                <!---->\n                <div data-colibri-id=\"252-c18\" class=\"h-text h-text-component style-1200 style-local-252-c18 position-relative h-element\">\n                  <!---->\n                  <!---->\n                  <div class=\"\">\n                    <p>Armario<\/p>\n                  <\/div>\n                <\/div>\n                <div data-colibri-id=\"252-c17\" class=\"d-block style-1199 style-local-252-c17 position-relative h-element\">\n                  <!---->\n                  <div class=\"h-image__frame-container-outer\">\n                    <div class=\"h-image__frame-container\">\n                      <!---->\n                      <!---->\n                      <img loading=\"lazy\" decoding=\"async\" width=\"501\" height=\"637\" src=\"https:\/\/distribuidoraaxkankuali.com\/wp-content\/uploads\/2022\/05\/cropped-ARMARIO.jpg\" class=\"wp-image-1749 style-1199-image style-local-252-c17-image\" alt=\"\" srcset=\"https:\/\/distribuidoraaxkankuali.com\/wp-content\/uploads\/2022\/05\/cropped-ARMARIO.jpg 501w, https:\/\/distribuidoraaxkankuali.com\/wp-content\/uploads\/2022\/05\/cropped-ARMARIO-236x300.jpg 236w\" sizes=\"auto, (max-width: 501px) 100vw, 501px\" \/>\n                      <div class=\"h-image__frame h-hide-lg h-hide-md h-hide-sm style-1199-frameImage style-local-252-c17-frameImage\"><\/div>\n                    <\/div>\n                  <\/div>\n                <\/div>\n              <\/div>\n            <\/div>\n          <\/div>\n        <\/div>\n      <\/div>\n      <div data-colibri-id=\"252-c12\" class=\"h-row-container gutters-row-lg-2 gutters-row-md-2 gutters-row-0 gutters-row-v-lg-2 gutters-row-v-md-2 gutters-row-v-2 style-1194 style-local-252-c12 position-relative\">\n        <!---->\n        <div class=\"h-row justify-content-lg-center justify-content-md-center justify-content-center align-items-lg-stretch align-items-md-stretch align-items-stretch gutters-col-lg-2 gutters-col-md-2 gutters-col-0 gutters-col-v-lg-2 gutters-col-v-md-2 gutters-col-v-2\">\n          <!---->\n          <div class=\"h-column h-column-container d-flex h-col-lg-auto h-col-md-auto h-col-auto style-1195-outer style-local-252-c13-outer\">\n            <div data-colibri-id=\"252-c13\" class=\"d-flex h-flex-basis h-column__inner h-px-lg-2 h-px-md-2 h-px-2 v-inner-lg-2 v-inner-md-2 v-inner-2 style-1195 style-local-252-c13 position-relative\">\n              <!---->\n              <!---->\n              <div class=\"w-100 h-y-container h-column__content h-column__v-align flex-basis-100 align-self-lg-start align-self-md-start align-self-start\">\n                <!---->\n                <div data-colibri-id=\"252-c20\" class=\"h-text h-text-component style-1202 style-local-252-c20 position-relative h-element\">\n                  <!---->\n                  <!---->\n                  <div class=\"\">\n                    <p>Credenza<\/p>\n                  <\/div>\n                <\/div>\n                <div data-colibri-id=\"252-c19\" class=\"d-block style-1201 style-local-252-c19 position-relative h-element\">\n                  <!---->\n                  <div class=\"h-image__frame-container-outer\">\n                    <div class=\"h-image__frame-container\">\n                      <!---->\n                      <!---->\n                      <img loading=\"lazy\" decoding=\"async\" width=\"264\" height=\"194\" src=\"https:\/\/distribuidoraaxkankuali.com\/wp-content\/uploads\/2022\/05\/cropped-cropped-Credenza-1.jpg\" class=\"wp-image-1753 style-1201-image style-local-252-c19-image\" alt=\"\" \/>\n                      <div class=\"h-image__frame h-hide-lg h-hide-md h-hide-sm style-1201-frameImage style-local-252-c19-frameImage\"><\/div>\n                    <\/div>\n                  <\/div>\n                <\/div>\n              <\/div>\n            <\/div>\n          <\/div>\n          <div class=\"h-column h-column-container d-flex h-col-lg-auto h-col-md-auto h-col-auto style-1196-outer style-local-252-c14-outer\">\n            <div data-colibri-id=\"252-c14\" class=\"d-flex h-flex-basis h-column__inner h-px-lg-2 h-px-md-2 h-px-2 v-inner-lg-2 v-inner-md-2 v-inner-2 style-1196 style-local-252-c14 position-relative\">\n              <!---->\n              <!---->\n              <div class=\"w-100 h-y-container h-column__content h-column__v-align flex-basis-100 align-self-lg-start align-self-md-start align-self-start\">\n                <!---->\n                <div data-colibri-id=\"252-c22\" class=\"h-text h-text-component style-1204 style-local-252-c22 position-relative h-element\">\n                  <!---->\n                  <!---->\n                  <div class=\"\">\n                    <p>Escritorio<\/p>\n                  <\/div>\n                <\/div>\n                <div data-colibri-id=\"252-c21\" class=\"d-block style-1203 style-local-252-c21 position-relative h-element\">\n                  <!---->\n                  <div class=\"h-image__frame-container-outer\">\n                    <div class=\"h-image__frame-container\">\n                      <!---->\n                      <!---->\n                      <img loading=\"lazy\" decoding=\"async\" width=\"484\" height=\"385\" src=\"https:\/\/distribuidoraaxkankuali.com\/wp-content\/uploads\/2022\/05\/cropped-ESCRITORIO.jpg\" class=\"wp-image-1756 style-1203-image style-local-252-c21-image\" alt=\"\" srcset=\"https:\/\/distribuidoraaxkankuali.com\/wp-content\/uploads\/2022\/05\/cropped-ESCRITORIO.jpg 484w, https:\/\/distribuidoraaxkankuali.com\/wp-content\/uploads\/2022\/05\/cropped-ESCRITORIO-300x239.jpg 300w\" sizes=\"auto, (max-width: 484px) 100vw, 484px\" \/>\n                      <div class=\"h-image__frame h-hide-lg h-hide-md h-hide-sm style-1203-frameImage style-local-252-c21-frameImage\"><\/div>\n                    <\/div>\n                  <\/div>\n                <\/div>\n              <\/div>\n            <\/div>\n          <\/div>\n        <\/div>\n      <\/div>\n      <div data-colibri-id=\"252-c9\" class=\"h-row-container gutters-row-lg-2 gutters-row-md-2 gutters-row-0 gutters-row-v-lg-2 gutters-row-v-md-2 gutters-row-v-2 style-1191 style-local-252-c9 position-relative\">\n        <!---->\n        <div class=\"h-row justify-content-lg-center justify-content-md-center justify-content-center align-items-lg-stretch align-items-md-stretch align-items-stretch gutters-col-lg-2 gutters-col-md-2 gutters-col-0 gutters-col-v-lg-2 gutters-col-v-md-2 gutters-col-v-2\">\n          <!---->\n          <div class=\"h-column h-column-container d-flex h-col-lg-auto h-col-md-auto h-col-auto style-1192-outer style-local-252-c10-outer\">\n            <div data-colibri-id=\"252-c10\" class=\"d-flex h-flex-basis h-column__inner h-px-lg-2 h-px-md-2 h-px-2 v-inner-lg-2 v-inner-md-2 v-inner-2 style-1192 style-local-252-c10 position-relative\">\n              <!---->\n              <!---->\n              <div class=\"w-100 h-y-container h-column__content h-column__v-align flex-basis-100 align-self-lg-start align-self-md-start align-self-start\">\n                <!---->\n                <div data-colibri-id=\"252-c24\" class=\"h-text h-text-component style-1206 style-local-252-c24 position-relative h-element\">\n                  <!---->\n                  <!---->\n                  <div class=\"\">\n                    <p>Mesa<\/p>\n                  <\/div>\n                <\/div>\n                <div data-colibri-id=\"252-c23\" class=\"d-block style-1205 style-local-252-c23 position-relative h-element\">\n                  <!---->\n                  <div class=\"h-image__frame-container-outer\">\n                    <div class=\"h-image__frame-container\">\n                      <!---->\n                      <!---->\n                      <img loading=\"lazy\" decoding=\"async\" width=\"547\" height=\"501\" src=\"https:\/\/distribuidoraaxkankuali.com\/wp-content\/uploads\/2022\/05\/cropped-MESA.jpg\" class=\"wp-image-1758 style-1205-image style-local-252-c23-image\" alt=\"\" srcset=\"https:\/\/distribuidoraaxkankuali.com\/wp-content\/uploads\/2022\/05\/cropped-MESA.jpg 547w, https:\/\/distribuidoraaxkankuali.com\/wp-content\/uploads\/2022\/05\/cropped-MESA-300x275.jpg 300w\" sizes=\"auto, (max-width: 547px) 100vw, 547px\" \/>\n                      <div class=\"h-image__frame h-hide-lg h-hide-md h-hide-sm style-1205-frameImage style-local-252-c23-frameImage\"><\/div>\n                    <\/div>\n                  <\/div>\n                <\/div>\n              <\/div>\n            <\/div>\n          <\/div>\n          <div class=\"h-column h-column-container d-flex h-col-lg-auto h-col-md-auto h-col-auto style-1193-outer style-local-252-c11-outer\">\n            <div data-colibri-id=\"252-c11\" class=\"d-flex h-flex-basis h-column__inner h-px-lg-2 h-px-md-2 h-px-2 v-inner-lg-2 v-inner-md-2 v-inner-2 style-1193 style-local-252-c11 position-relative\">\n              <!---->\n              <!---->\n              <div class=\"w-100 h-y-container h-column__content h-column__v-align flex-basis-100 align-self-lg-start align-self-md-start align-self-start\">\n                <!---->\n                <div data-colibri-id=\"252-c26\" class=\"h-text h-text-component style-1208 style-local-252-c26 position-relative h-element\">\n                  <!---->\n                  <!---->\n                  <div class=\"\">\n                    <p>Mesa de Juntas<\/p>\n                  <\/div>\n                <\/div>\n                <div data-colibri-id=\"252-c25\" class=\"d-block style-1207 style-local-252-c25 position-relative h-element\">\n                  <!---->\n                  <div class=\"h-image__frame-container-outer\">\n                    <div class=\"h-image__frame-container\">\n                      <!---->\n                      <!---->\n                      <img loading=\"lazy\" decoding=\"async\" width=\"701\" height=\"363\" src=\"https:\/\/distribuidoraaxkankuali.com\/wp-content\/uploads\/2022\/05\/cropped-MESAS-DE-JUNTAS.jpg\" class=\"wp-image-1760 style-1207-image style-local-252-c25-image\" alt=\"\" srcset=\"https:\/\/distribuidoraaxkankuali.com\/wp-content\/uploads\/2022\/05\/cropped-MESAS-DE-JUNTAS.jpg 701w, https:\/\/distribuidoraaxkankuali.com\/wp-content\/uploads\/2022\/05\/cropped-MESAS-DE-JUNTAS-600x311.jpg 600w, https:\/\/distribuidoraaxkankuali.com\/wp-content\/uploads\/2022\/05\/cropped-MESAS-DE-JUNTAS-300x155.jpg 300w\" sizes=\"auto, (max-width: 701px) 100vw, 701px\" \/>\n                      <div class=\"h-image__frame h-hide-lg h-hide-md h-hide-sm style-1207-frameImage style-local-252-c25-frameImage\"><\/div>\n                    <\/div>\n                  <\/div>\n                <\/div>\n              <\/div>\n            <\/div>\n          <\/div>\n        <\/div>\n      <\/div>\n    <\/div>\n  <\/div>\n<\/div>","protected":false},"excerpt":{"rendered":"<p>MOBILIARIO DE MADERA M\u00f3dulo para Sala Recepci\u00f3n para Cl\u00ednicas Archivero-Vertical-4-Gavetas Armario Credenza Escritorio Mesa Mesa de Juntas<\/p>\n","protected":false},"author":2,"featured_media":0,"parent":0,"menu_order":0,"comment_status":"closed","ping_status":"closed","template":"page-templates\/full-width-page.php","meta":{"footnotes":""},"class_list":["post-252","page","type-page","status-publish","hentry"],"_links":{"self":[{"href":"https:\/\/distribuidoraaxkankuali.com\/index.php\/wp-json\/wp\/v2\/pages\/252","targetHints":{"allow":["GET"]}}],"collection":[{"href":"https:\/\/distribuidoraaxkankuali.com\/index.php\/wp-json\/wp\/v2\/pages"}],"about":[{"href":"https:\/\/distribuidoraaxkankuali.com\/index.php\/wp-json\/wp\/v2\/types\/page"}],"author":[{"embeddable":true,"href":"https:\/\/distribuidoraaxkankuali.com\/index.php\/wp-json\/wp\/v2\/users\/2"}],"replies":[{"embeddable":true,"href":"https:\/\/distribuidoraaxkankuali.com\/index.php\/wp-json\/wp\/v2\/comments?post=252"}],"version-history":[{"count":0,"href":"https:\/\/distribuidoraaxkankuali.com\/index.php\/wp-json\/wp\/v2\/pages\/252\/revisions"}],"wp:attachment":[{"href":"https:\/\/distribuidoraaxkankuali.com\/index.php\/wp-json\/wp\/v2\/media?parent=252"}],"curies":[{"name":"wp","href":"https:\/\/api.w.org\/{rel}","templated":true}]}}