{"id":244,"date":"2021-07-08T23:23:10","date_gmt":"2021-07-09T04:23:10","guid":{"rendered":"https:\/\/distribuidoraaxkankuali.wordpress.com\/?page_id=244"},"modified":"2022-05-04T13:10:18","modified_gmt":"2022-05-04T18:10:18","slug":"pizarrones","status":"publish","type":"page","link":"https:\/\/distribuidoraaxkankuali.com\/index.php\/pizarrones\/","title":{"rendered":"Pizarrones"},"content":{"rendered":"<div data-colibri-id=\"244-c1\" class=\"style-1292 style-local-244-c1 position-relative\">\n  <!---->\n  <div data-colibri-component=\"section\" data-colibri-id=\"244-c2\" id=\"about\" class=\"h-section h-section-global-spacing d-flex align-items-lg-center align-items-md-center align-items-center style-1293 style-local-244-c2 position-relative\">\n    <!---->\n    <!---->\n    <div class=\"h-section-grid-container h-section-boxed-container\">\n      <!---->\n      <div data-colibri-id=\"244-c44\" class=\"h-row-container gutters-row-lg-2 gutters-row-md-2 gutters-row-0 gutters-row-v-lg-2 gutters-row-v-md-2 gutters-row-v-2 style-1347 style-local-244-c44 position-relative\">\n        <!---->\n        <div class=\"h-row justify-content-lg-center justify-content-md-center justify-content-center align-items-lg-stretch align-items-md-stretch align-items-stretch gutters-col-lg-2 gutters-col-md-2 gutters-col-0 gutters-col-v-lg-2 gutters-col-v-md-2 gutters-col-v-2\">\n          <!---->\n          <div class=\"h-column h-column-container d-flex h-col-lg-auto h-col-md-auto h-col-auto style-1348-outer style-local-244-c45-outer\">\n            <div data-colibri-id=\"244-c45\" class=\"d-flex h-flex-basis h-column__inner h-px-lg-2 h-px-md-2 h-px-2 v-inner-lg-2 v-inner-md-2 v-inner-2 style-1348 style-local-244-c45 position-relative\">\n              <!---->\n              <!---->\n              <div class=\"w-100 h-y-container h-column__content h-column__v-align flex-basis-100 align-self-lg-start align-self-md-start align-self-start\">\n                <!---->\n                <div data-colibri-id=\"244-c46\" class=\"h-text h-text-component style-1349 style-local-244-c46 position-relative h-element\">\n                  <!---->\n                  <!---->\n                  <div class=\"\">\n                    <p>PIZARR\u00d3NES<\/p>\n                  <\/div>\n                <\/div>\n              <\/div>\n            <\/div>\n          <\/div>\n        <\/div>\n      <\/div>\n      <div data-colibri-id=\"244-c9\" class=\"h-row-container gutters-row-lg-2 gutters-row-md-2 gutters-row-0 gutters-row-v-lg-2 gutters-row-v-md-2 gutters-row-v-2 style-1300 style-local-244-c9 position-relative\">\n        <!---->\n        <div class=\"h-row justify-content-lg-center justify-content-md-center justify-content-center align-items-lg-stretch align-items-md-stretch align-items-stretch gutters-col-lg-2 gutters-col-md-2 gutters-col-0 gutters-col-v-lg-2 gutters-col-v-md-2 gutters-col-v-2\">\n          <!---->\n          <div class=\"h-column h-column-container d-flex h-col-lg-auto h-col-md-auto h-col-auto style-1301-outer style-local-244-c10-outer\">\n            <div data-colibri-id=\"244-c10\" class=\"d-flex h-flex-basis h-column__inner h-px-lg-2 h-px-md-2 h-px-2 v-inner-lg-2 v-inner-md-2 v-inner-2 style-1301 style-local-244-c10 position-relative\">\n              <!---->\n              <!---->\n              <div class=\"w-100 h-y-container h-column__content h-column__v-align flex-basis-100 align-self-lg-start align-self-md-start align-self-start\">\n                <!---->\n                <div data-colibri-id=\"244-c34\" class=\"h-text h-text-component style-1337 style-local-244-c34 position-relative h-element\">\n                  <!---->\n                  <!---->\n                  <div class=\"\">\n                    <p>Pizarr\u00f3n de Corcho<\/p>\n                  <\/div>\n                <\/div>\n                <div data-colibri-id=\"244-c24\" class=\"d-block style-1327 style-local-244-c24 position-relative h-element\">\n                  <!---->\n                  <div class=\"h-image__frame-container-outer\">\n                    <div class=\"h-image__frame-container\">\n                      <!---->\n                      <!---->\n                      <img loading=\"lazy\" decoding=\"async\" width=\"204\" height=\"204\" src=\"https:\/\/distribuidoraaxkankuali.com\/wp-content\/uploads\/2022\/05\/cropped-1-1.jpg\" class=\"wp-image-1832 style-1327-image style-local-244-c24-image\" alt=\"\" srcset=\"https:\/\/distribuidoraaxkankuali.com\/wp-content\/uploads\/2022\/05\/cropped-1-1.jpg 204w, https:\/\/distribuidoraaxkankuali.com\/wp-content\/uploads\/2022\/05\/cropped-1-1-100x100.jpg 100w, https:\/\/distribuidoraaxkankuali.com\/wp-content\/uploads\/2022\/05\/cropped-1-1-150x150.jpg 150w\" sizes=\"auto, (max-width: 204px) 100vw, 204px\" \/>\n                      <div class=\"h-image__frame h-hide-lg h-hide-md h-hide-sm style-1327-frameImage style-local-244-c24-frameImage\"><\/div>\n                    <\/div>\n                  <\/div>\n                <\/div>\n              <\/div>\n            <\/div>\n          <\/div>\n          <div class=\"h-column h-column-container d-flex h-col-lg-auto h-col-md-auto h-col-auto style-1302-outer style-local-244-c11-outer\">\n            <div data-colibri-id=\"244-c11\" class=\"d-flex h-flex-basis h-column__inner h-px-lg-2 h-px-md-2 h-px-2 v-inner-lg-2 v-inner-md-2 v-inner-2 style-1302 style-local-244-c11 position-relative\">\n              <!---->\n              <!---->\n              <div class=\"w-100 h-y-container h-column__content h-column__v-align flex-basis-100 align-self-lg-start align-self-md-start align-self-start\">\n                <!---->\n                <div data-colibri-id=\"244-c35\" class=\"h-text h-text-component style-1338 style-local-244-c35 position-relative h-element\">\n                  <!---->\n                  <!---->\n                  <div class=\"\">\n                    <p>Pizarr\u00f3n de Gis<\/p>\n                  <\/div>\n                <\/div>\n                <div data-colibri-id=\"244-c25\" class=\"d-block style-1328 style-local-244-c25 position-relative h-element\">\n                  <!---->\n                  <div class=\"h-image__frame-container-outer\">\n                    <div class=\"h-image__frame-container\">\n                      <!---->\n                      <!---->\n                      <img loading=\"lazy\" decoding=\"async\" width=\"227\" height=\"209\" src=\"https:\/\/distribuidoraaxkankuali.com\/wp-content\/uploads\/2022\/05\/cropped-2-1.jpg\" class=\"wp-image-1834 style-1328-image style-local-244-c25-image\" alt=\"\" \/>\n                      <div class=\"h-image__frame h-hide-lg h-hide-md h-hide-sm style-1328-frameImage style-local-244-c25-frameImage\"><\/div>\n                    <\/div>\n                  <\/div>\n                <\/div>\n              <\/div>\n            <\/div>\n          <\/div>\n        <\/div>\n      <\/div>\n      <div data-colibri-id=\"244-c12\" class=\"h-row-container gutters-row-lg-2 gutters-row-md-2 gutters-row-0 gutters-row-v-lg-2 gutters-row-v-md-2 gutters-row-v-2 style-1315 style-local-244-c12 position-relative\">\n        <!---->\n        <div class=\"h-row justify-content-lg-center justify-content-md-center justify-content-center align-items-lg-stretch align-items-md-stretch align-items-stretch gutters-col-lg-2 gutters-col-md-2 gutters-col-0 gutters-col-v-lg-2 gutters-col-v-md-2 gutters-col-v-2\">\n          <!---->\n          <div class=\"h-column h-column-container d-flex h-col-lg-auto h-col-md-auto h-col-auto style-1316-outer style-local-244-c13-outer\">\n            <div data-colibri-id=\"244-c13\" class=\"d-flex h-flex-basis h-column__inner h-px-lg-2 h-px-md-2 h-px-2 v-inner-lg-2 v-inner-md-2 v-inner-2 style-1316 style-local-244-c13 position-relative\">\n              <!---->\n              <!---->\n              <div class=\"w-100 h-y-container h-column__content h-column__v-align flex-basis-100 align-self-lg-start align-self-md-start align-self-start\">\n                <!---->\n                <div data-colibri-id=\"244-c37\" class=\"h-text h-text-component style-1340 style-local-244-c37 position-relative h-element\">\n                  <!---->\n                  <!---->\n                  <div class=\"\">\n                    <p>Pizarr\u00f3n Personal Izado<\/p>\n                  <\/div>\n                <\/div>\n                <div data-colibri-id=\"244-c33\" class=\"d-block style-1336 style-local-244-c33 position-relative h-element\">\n                  <!---->\n                  <div class=\"h-image__frame-container-outer\">\n                    <div class=\"h-image__frame-container\">\n                      <!---->\n                      <!---->\n                      <img loading=\"lazy\" decoding=\"async\" width=\"185\" height=\"259\" src=\"https:\/\/distribuidoraaxkankuali.com\/wp-content\/uploads\/2022\/05\/cropped-3-1.jpg\" class=\"wp-image-1836 style-1336-image style-local-244-c33-image\" alt=\"\" \/>\n                      <div class=\"h-image__frame h-hide-lg h-hide-md h-hide-sm style-1336-frameImage style-local-244-c33-frameImage\"><\/div>\n                    <\/div>\n                  <\/div>\n                <\/div>\n              <\/div>\n            <\/div>\n          <\/div>\n          <div class=\"h-column h-column-container d-flex h-col-lg-auto h-col-md-auto h-col-auto style-1317-outer style-local-244-c14-outer\">\n            <div data-colibri-id=\"244-c14\" class=\"d-flex h-flex-basis h-column__inner h-px-lg-2 h-px-md-2 h-px-2 v-inner-lg-2 v-inner-md-2 v-inner-2 style-1317 style-local-244-c14 position-relative\">\n              <!---->\n              <!---->\n              <div class=\"w-100 h-y-container h-column__content h-column__v-align flex-basis-100 align-self-lg-start align-self-md-start align-self-start\">\n                <!---->\n                <div data-colibri-id=\"244-c36\" class=\"h-text h-text-component style-1339 style-local-244-c36 position-relative h-element\">\n                  <!---->\n                  <!---->\n                  <div class=\"\">\n                    <p>Pizarr\u00f3n&nbsp; Ranurado<\/p>\n                  <\/div>\n                <\/div>\n                <div data-colibri-id=\"244-c32\" class=\"d-block style-1335 style-local-244-c32 position-relative h-element\">\n                  <!---->\n                  <div class=\"h-image__frame-container-outer\">\n                    <div class=\"h-image__frame-container\">\n                      <!---->\n                      <!---->\n                      <img loading=\"lazy\" decoding=\"async\" width=\"279\" height=\"181\" src=\"https:\/\/distribuidoraaxkankuali.com\/wp-content\/uploads\/2022\/05\/cropped-4-1.jpg\" class=\"wp-image-1838 style-1335-image style-local-244-c32-image\" alt=\"\" \/>\n                      <div class=\"h-image__frame h-hide-lg h-hide-md h-hide-sm style-1335-frameImage style-local-244-c32-frameImage\"><\/div>\n                    <\/div>\n                  <\/div>\n                <\/div>\n              <\/div>\n            <\/div>\n          <\/div>\n        <\/div>\n      <\/div>\n      <div data-colibri-id=\"244-c15\" class=\"h-row-container gutters-row-lg-2 gutters-row-md-2 gutters-row-0 gutters-row-v-lg-2 gutters-row-v-md-2 gutters-row-v-2 style-1318 style-local-244-c15 position-relative\">\n        <!---->\n        <div class=\"h-row justify-content-lg-center justify-content-md-center justify-content-center align-items-lg-stretch align-items-md-stretch align-items-stretch gutters-col-lg-2 gutters-col-md-2 gutters-col-0 gutters-col-v-lg-2 gutters-col-v-md-2 gutters-col-v-2\">\n          <!---->\n          <div class=\"h-column h-column-container d-flex h-col-lg-auto h-col-md-auto h-col-auto style-1319-outer style-local-244-c16-outer\">\n            <div data-colibri-id=\"244-c16\" class=\"d-flex h-flex-basis h-column__inner h-px-lg-2 h-px-md-2 h-px-2 v-inner-lg-2 v-inner-md-2 v-inner-2 style-1319 style-local-244-c16 position-relative\">\n              <!---->\n              <!---->\n              <div class=\"w-100 h-y-container h-column__content h-column__v-align flex-basis-100 align-self-lg-start align-self-md-start align-self-start\">\n                <!---->\n                <div data-colibri-id=\"244-c39\" class=\"h-text h-text-component style-1342 style-local-244-c39 position-relative h-element\">\n                  <!---->\n                  <!---->\n                  <div class=\"\">\n                    <p>Atril con Ruedas<\/p>\n                  <\/div>\n                <\/div>\n                <div data-colibri-id=\"244-c26\" class=\"d-block style-1329 style-local-244-c26 position-relative h-element\">\n                  <!---->\n                  <div class=\"h-image__frame-container-outer\">\n                    <div class=\"h-image__frame-container\">\n                      <!---->\n                      <!---->\n                      <img loading=\"lazy\" decoding=\"async\" width=\"240\" height=\"240\" src=\"https:\/\/distribuidoraaxkankuali.com\/wp-content\/uploads\/2022\/05\/cropped-5-1.jpg\" class=\"wp-image-1840 style-1329-image style-local-244-c26-image\" alt=\"\" srcset=\"https:\/\/distribuidoraaxkankuali.com\/wp-content\/uploads\/2022\/05\/cropped-5-1.jpg 240w, https:\/\/distribuidoraaxkankuali.com\/wp-content\/uploads\/2022\/05\/cropped-5-1-100x100.jpg 100w, https:\/\/distribuidoraaxkankuali.com\/wp-content\/uploads\/2022\/05\/cropped-5-1-150x150.jpg 150w\" sizes=\"auto, (max-width: 240px) 100vw, 240px\" \/>\n                      <div class=\"h-image__frame h-hide-lg h-hide-md h-hide-sm style-1329-frameImage style-local-244-c26-frameImage\"><\/div>\n                    <\/div>\n                  <\/div>\n                <\/div>\n              <\/div>\n            <\/div>\n          <\/div>\n          <div class=\"h-column h-column-container d-flex h-col-lg-auto h-col-md-auto h-col-auto style-1320-outer style-local-244-c17-outer\">\n            <div data-colibri-id=\"244-c17\" class=\"d-flex h-flex-basis h-column__inner h-px-lg-2 h-px-md-2 h-px-2 v-inner-lg-2 v-inner-md-2 v-inner-2 style-1320 style-local-244-c17 position-relative\">\n              <!---->\n              <!---->\n              <div class=\"w-100 h-y-container h-column__content h-column__v-align flex-basis-100 align-self-lg-start align-self-md-start align-self-start\">\n                <!---->\n                <div data-colibri-id=\"244-c38\" class=\"h-text h-text-component style-1341 style-local-244-c38 position-relative h-element\">\n                  <!---->\n                  <!---->\n                  <div class=\"\">\n                    <p>Pizarr\u00f3n con Tripie<\/p>\n                  <\/div>\n                <\/div>\n                <div data-colibri-id=\"244-c27\" class=\"d-block style-1330 style-local-244-c27 position-relative h-element\">\n                  <!---->\n                  <div class=\"h-image__frame-container-outer\">\n                    <div class=\"h-image__frame-container\">\n                      <!---->\n                      <!---->\n                      <img loading=\"lazy\" decoding=\"async\" width=\"200\" height=\"194\" src=\"https:\/\/distribuidoraaxkankuali.com\/wp-content\/uploads\/2022\/05\/cropped-6-1.jpg\" class=\"wp-image-1842 style-1330-image style-local-244-c27-image\" alt=\"\" \/>\n                      <div class=\"h-image__frame h-hide-lg h-hide-md h-hide-sm style-1330-frameImage style-local-244-c27-frameImage\"><\/div>\n                    <\/div>\n                  <\/div>\n                <\/div>\n              <\/div>\n            <\/div>\n          <\/div>\n        <\/div>\n      <\/div>\n      <div data-colibri-id=\"244-c21\" class=\"h-row-container gutters-row-lg-2 gutters-row-md-2 gutters-row-0 gutters-row-v-lg-2 gutters-row-v-md-2 gutters-row-v-2 style-1324 style-local-244-c21 position-relative\">\n        <!---->\n        <div class=\"h-row justify-content-lg-center justify-content-md-center justify-content-center align-items-lg-stretch align-items-md-stretch align-items-stretch gutters-col-lg-2 gutters-col-md-2 gutters-col-0 gutters-col-v-lg-2 gutters-col-v-md-2 gutters-col-v-2\">\n          <!---->\n          <div class=\"h-column h-column-container d-flex h-col-lg-auto h-col-md-auto h-col-auto style-1325-outer style-local-244-c22-outer\">\n            <div data-colibri-id=\"244-c22\" class=\"d-flex h-flex-basis h-column__inner h-px-lg-2 h-px-md-2 h-px-2 v-inner-lg-2 v-inner-md-2 v-inner-2 style-1325 style-local-244-c22 position-relative\">\n              <!---->\n              <!---->\n              <div class=\"w-100 h-y-container h-column__content h-column__v-align flex-basis-100 align-self-lg-start align-self-md-start align-self-start\">\n                <!---->\n                <div data-colibri-id=\"244-c41\" class=\"h-text h-text-component style-1344 style-local-244-c41 position-relative h-element\">\n                  <!---->\n                  <!---->\n                  <div class=\"\">\n                    <p>Rotafolio Ejecutivo<\/p>\n                  <\/div>\n                <\/div>\n                <div data-colibri-id=\"244-c29\" class=\"d-block style-1332 style-local-244-c29 position-relative h-element\">\n                  <!---->\n                  <div class=\"h-image__frame-container-outer\">\n                    <div class=\"h-image__frame-container\">\n                      <!---->\n                      <!---->\n                      <img loading=\"lazy\" decoding=\"async\" width=\"168\" height=\"234\" src=\"https:\/\/distribuidoraaxkankuali.com\/wp-content\/uploads\/2022\/05\/cropped-7-1.jpg\" class=\"wp-image-1844 style-1332-image style-local-244-c29-image\" alt=\"\" \/>\n                      <div class=\"h-image__frame h-hide-lg h-hide-md h-hide-sm style-1332-frameImage style-local-244-c29-frameImage\"><\/div>\n                    <\/div>\n                  <\/div>\n                <\/div>\n              <\/div>\n            <\/div>\n          <\/div>\n          <div class=\"h-column h-column-container d-flex h-col-lg-auto h-col-md-auto h-col-auto style-1326-outer style-local-244-c23-outer\">\n            <div data-colibri-id=\"244-c23\" class=\"d-flex h-flex-basis h-column__inner h-px-lg-2 h-px-md-2 h-px-2 v-inner-lg-2 v-inner-md-2 v-inner-2 style-1326 style-local-244-c23 position-relative\">\n              <!---->\n              <!---->\n              <div class=\"w-100 h-y-container h-column__content h-column__v-align flex-basis-100 align-self-lg-start align-self-md-start align-self-start\">\n                <!---->\n                <div data-colibri-id=\"244-c40\" class=\"h-text h-text-component style-1343 style-local-244-c40 position-relative h-element\">\n                  <!---->\n                  <!---->\n                  <div class=\"\">\n                    <p>Rotafolio Portatil<\/p>\n                  <\/div>\n                <\/div>\n                <div data-colibri-id=\"244-c28\" class=\"d-block style-1331 style-local-244-c28 position-relative h-element\">\n                  <!---->\n                  <div class=\"h-image__frame-container-outer\">\n                    <div class=\"h-image__frame-container\">\n                      <!---->\n                      <!---->\n                      <img loading=\"lazy\" decoding=\"async\" width=\"202\" height=\"230\" src=\"https:\/\/distribuidoraaxkankuali.com\/wp-content\/uploads\/2022\/05\/cropped-8-1.jpg\" class=\"wp-image-1846 style-1331-image style-local-244-c28-image\" alt=\"\" \/>\n                      <div class=\"h-image__frame h-hide-lg h-hide-md h-hide-sm style-1331-frameImage style-local-244-c28-frameImage\"><\/div>\n                    <\/div>\n                  <\/div>\n                <\/div>\n              <\/div>\n            <\/div>\n          <\/div>\n        <\/div>\n      <\/div>\n      <div data-colibri-id=\"244-c18\" class=\"h-row-container gutters-row-lg-2 gutters-row-md-2 gutters-row-0 gutters-row-v-lg-2 gutters-row-v-md-2 gutters-row-v-2 style-1321 style-local-244-c18 position-relative\">\n        <!---->\n        <div class=\"h-row justify-content-lg-center justify-content-md-center justify-content-center align-items-lg-stretch align-items-md-stretch align-items-stretch gutters-col-lg-2 gutters-col-md-2 gutters-col-0 gutters-col-v-lg-2 gutters-col-v-md-2 gutters-col-v-2\">\n          <!---->\n          <div class=\"h-column h-column-container d-flex h-col-lg-auto h-col-md-auto h-col-auto style-1322-outer style-local-244-c19-outer\">\n            <div data-colibri-id=\"244-c19\" class=\"d-flex h-flex-basis h-column__inner h-px-lg-2 h-px-md-2 h-px-2 v-inner-lg-2 v-inner-md-2 v-inner-2 style-1322 style-local-244-c19 position-relative\">\n              <!---->\n              <!---->\n              <div class=\"w-100 h-y-container h-column__content h-column__v-align flex-basis-100 align-self-lg-start align-self-md-start align-self-start\">\n                <!---->\n                <div data-colibri-id=\"244-c43\" class=\"h-text h-text-component style-1346 style-local-244-c43 position-relative h-element\">\n                  <!---->\n                  <!---->\n                  <div class=\"\">\n                    <p>Rotafolio Econ\u00f3mico<\/p>\n                  <\/div>\n                <\/div>\n                <div data-colibri-id=\"244-c31\" class=\"d-block style-1334 style-local-244-c31 position-relative h-element\">\n                  <!---->\n                  <div class=\"h-image__frame-container-outer\">\n                    <div class=\"h-image__frame-container\">\n                      <!---->\n                      <!---->\n                      <img loading=\"lazy\" decoding=\"async\" width=\"173\" height=\"225\" src=\"https:\/\/distribuidoraaxkankuali.com\/wp-content\/uploads\/2022\/05\/cropped-9.jpg\" class=\"wp-image-1848 style-1334-image style-local-244-c31-image\" alt=\"\" \/>\n                      <div class=\"h-image__frame h-hide-lg h-hide-md h-hide-sm style-1334-frameImage style-local-244-c31-frameImage\"><\/div>\n                    <\/div>\n                  <\/div>\n                <\/div>\n              <\/div>\n            <\/div>\n          <\/div>\n          <div class=\"h-column h-column-container d-flex h-col-lg-auto h-col-md-auto h-col-auto style-1323-outer style-local-244-c20-outer\">\n            <div data-colibri-id=\"244-c20\" class=\"d-flex h-flex-basis h-column__inner h-px-lg-2 h-px-md-2 h-px-2 v-inner-lg-2 v-inner-md-2 v-inner-2 style-1323 style-local-244-c20 position-relative\">\n              <!---->\n              <!---->\n              <div class=\"w-100 h-y-container h-column__content h-column__v-align flex-basis-100 align-self-lg-start align-self-md-start align-self-start\">\n                <!---->\n                <div data-colibri-id=\"244-c42\" class=\"h-text h-text-component style-1345 style-local-244-c42 position-relative h-element\">\n                  <!---->\n                  <!---->\n                  <div class=\"\">\n                    <p>Directorio<\/p>\n                  <\/div>\n                <\/div>\n                <div data-colibri-id=\"244-c30\" class=\"d-block style-1333 style-local-244-c30 position-relative h-element\">\n                  <!---->\n                  <div class=\"h-image__frame-container-outer\">\n                    <div class=\"h-image__frame-container\">\n                      <!---->\n                      <!---->\n                      <img loading=\"lazy\" decoding=\"async\" width=\"163\" height=\"149\" src=\"https:\/\/distribuidoraaxkankuali.com\/wp-content\/uploads\/2022\/05\/cropped-10.jpg\" class=\"wp-image-1850 style-1333-image style-local-244-c30-image\" alt=\"\" \/>\n                      <div class=\"h-image__frame h-hide-lg h-hide-md h-hide-sm style-1333-frameImage style-local-244-c30-frameImage\"><\/div>\n                    <\/div>\n                  <\/div>\n                <\/div>\n              <\/div>\n            <\/div>\n          <\/div>\n        <\/div>\n      <\/div>\n    <\/div>\n  <\/div>\n<\/div>","protected":false},"excerpt":{"rendered":"<p>PIZARR\u00d3NES Pizarr\u00f3n de Corcho Pizarr\u00f3n de Gis Pizarr\u00f3n Personal Izado Pizarr\u00f3n&nbsp; Ranurado Atril con Ruedas Pizarr\u00f3n con Tripie Rotafolio Ejecutivo Rotafolio Portatil Rotafolio Econ\u00f3mico Directorio<\/p>\n","protected":false},"author":2,"featured_media":0,"parent":0,"menu_order":0,"comment_status":"closed","ping_status":"closed","template":"page-templates\/full-width-page.php","meta":{"footnotes":""},"class_list":["post-244","page","type-page","status-publish","hentry"],"_links":{"self":[{"href":"https:\/\/distribuidoraaxkankuali.com\/index.php\/wp-json\/wp\/v2\/pages\/244","targetHints":{"allow":["GET"]}}],"collection":[{"href":"https:\/\/distribuidoraaxkankuali.com\/index.php\/wp-json\/wp\/v2\/pages"}],"about":[{"href":"https:\/\/distribuidoraaxkankuali.com\/index.php\/wp-json\/wp\/v2\/types\/page"}],"author":[{"embeddable":true,"href":"https:\/\/distribuidoraaxkankuali.com\/index.php\/wp-json\/wp\/v2\/users\/2"}],"replies":[{"embeddable":true,"href":"https:\/\/distribuidoraaxkankuali.com\/index.php\/wp-json\/wp\/v2\/comments?post=244"}],"version-history":[{"count":0,"href":"https:\/\/distribuidoraaxkankuali.com\/index.php\/wp-json\/wp\/v2\/pages\/244\/revisions"}],"wp:attachment":[{"href":"https:\/\/distribuidoraaxkankuali.com\/index.php\/wp-json\/wp\/v2\/media?parent=244"}],"curies":[{"name":"wp","href":"https:\/\/api.w.org\/{rel}","templated":true}]}}